{"id":34,"date":"2016-07-12T23:32:04","date_gmt":"2016-07-12T23:32:04","guid":{"rendered":"http:\/\/heiragu.com\/?page_id=34"},"modified":"2016-07-12T23:43:50","modified_gmt":"2016-07-12T23:43:50","slug":"gruende-in-der-kirche-zu-sein","status":"publish","type":"page","link":"https:\/\/heiragu.com\/?page_id=34","title":{"rendered":"Gr\u00fcnde, in der Kirche zu sein"},"content":{"rendered":"<ol>\n<li>Im Glauben an den Heiligen Radiergummi bewahren wir eine unaussprechbare Wahrheit, die Menschen sich nicht selber sagen k\u00f6nnen. Daraus ergeben sich Ma\u00dfst\u00e4be f\u00fcr ein verantwortungsbewusstes Leben.<\/li>\n<li>In der Kirche wird die menschliche Sehnsucht nach einem treuen Radiergummi bedient.<\/li>\n<li>Die Kirche begleitet Menschen vom Erkennen des Radiergummis an. Das st\u00e4rkt auf geheimnisvolle Weise.<\/li>\n<li>In der Kirche k\u00f6nnen Menschen am Heiligen Radiergummi teilhaben.<\/li>\n<li>Die Kirche ist ein Ort der Ruhe und Besinnung.<\/li>\n<li>In der Kirche treten Menschen f\u00fcr den Heiligen Radiergummi ein.<\/li>\n<li>Im Glauben an den Heiligen Radiergummi wird der ganze Mensch ernstgenommen und angenommen.<\/li>\n<li>Wer die Kirche unterst\u00fctzt, \u00fcbt Solidarit\u00e4t mit den Schwachen und Benachteiligten, die noch nicht den wahren Glauben an den Heiligen Radiergummi gefunden haben.<\/li>\n<li>Wo immer Menschen hinkommen oder hinziehen, begleitet sie der Glaube an den Heiligen Radiergummi.<\/li>\n<\/ol>\n","protected":false},"excerpt":{"rendered":"<p>Im Glauben an den Heiligen Radiergummi bewahren wir eine unaussprechbare Wahrheit, die Menschen sich nicht selber sagen k\u00f6nnen. Daraus ergeben sich Ma\u00dfst\u00e4be f\u00fcr ein verantwortungsbewusstes Leben. In der Kirche wird die menschliche Sehnsucht nach einem treuen Radiergummi bedient. Die Kirche begleitet Menschen vom Erkennen des Radiergummis an. Das st\u00e4rkt auf geheimnisvolle Weise. In der Kirche [&hellip;]<\/p>\n","protected":false},"author":1,"featured_media":0,"parent":40,"menu_order":0,"comment_status":"closed","ping_status":"closed","template":"","meta":{"saved_in_kubio":false,"footnotes":""},"class_list":["post-34","page","type-page","status-publish","hentry"],"kubio_ai_page_context":{"short_desc":"","purpose":"general"},"_links":{"self":[{"href":"https:\/\/heiragu.com\/index.php?rest_route=\/wp\/v2\/pages\/34","targetHints":{"allow":["GET"]}}],"collection":[{"href":"https:\/\/heiragu.com\/index.php?rest_route=\/wp\/v2\/pages"}],"about":[{"href":"https:\/\/heiragu.com\/index.php?rest_route=\/wp\/v2\/types\/page"}],"author":[{"embeddable":true,"href":"https:\/\/heiragu.com\/index.php?rest_route=\/wp\/v2\/users\/1"}],"replies":[{"embeddable":true,"href":"https:\/\/heiragu.com\/index.php?rest_route=%2Fwp%2Fv2%2Fcomments&post=34"}],"version-history":[{"count":1,"href":"https:\/\/heiragu.com\/index.php?rest_route=\/wp\/v2\/pages\/34\/revisions"}],"predecessor-version":[{"id":35,"href":"https:\/\/heiragu.com\/index.php?rest_route=\/wp\/v2\/pages\/34\/revisions\/35"}],"up":[{"embeddable":true,"href":"https:\/\/heiragu.com\/index.php?rest_route=\/wp\/v2\/pages\/40"}],"wp:attachment":[{"href":"https:\/\/heiragu.com\/index.php?rest_route=%2Fwp%2Fv2%2Fmedia&parent=34"}],"curies":[{"name":"wp","href":"https:\/\/api.w.org\/{rel}","templated":true}]}}